{"id":1607,"date":"2024-10-10T02:40:24","date_gmt":"2024-10-10T02:40:24","guid":{"rendered":"https:\/\/shop.fran.pro\/?post_type=product&#038;p=1607"},"modified":"2024-10-10T02:41:12","modified_gmt":"2024-10-10T02:41:12","slug":"jacks-hay-net-cotton-bolsa-para-zacate-de-algodon-green","status":"publish","type":"product","link":"https:\/\/shop.fran.pro\/index.php\/producto\/jacks-hay-net-cotton-bolsa-para-zacate-de-algodon-green\/","title":{"rendered":"JACKS HAY NET COTTON (BOLSA PARA ZACATE DE ALGODON) GREEN"},"content":{"rendered":"<p><strong>JACKS HAY NET COTTON (BOLSA PARA ZACATE DE ALGODON)<\/strong><\/p>\n<p><strong>DESCRIPCION:<\/strong><\/p>\n<p>Red de heno anudada 100% algod\u00f3n extra grande y duradera. No es t\u00f3xico ni irritante si se produce la masticaci\u00f3n.<\/p>\n<p><strong>DISPONIBLE:<\/strong><\/p>\n<p>Disponible en diferentes colores<\/p>\n<p><strong>COLOR:<\/strong><\/p>\n<ul>\n<li>BLACK<\/li>\n<li>WHITE<\/li>\n<li>RED<\/li>\n<li>ROYAL<\/li>\n<li>BURGUNDY<\/li>\n<li>NEON GREEN<\/li>\n<li>ORANGE<\/li>\n<li>FOREST<\/li>\n<li>GREEN<\/li>\n<\/ul>\n","protected":false},"excerpt":{"rendered":"<p>JACKS HAY NET COTTON (BOLSA PARA ZACATE DE ALGODON) DESCRIPCION: Red de heno anudada 100% algod\u00f3n extra grande y duradera. No es t\u00f3xico ni irritante si se produce la masticaci\u00f3n. DISPONIBLE: Disponible en diferentes colores COLOR: BLACK WHITE RED ROYAL BURGUNDY NEON GREEN ORANGE FOREST GREEN<\/p>\n","protected":false},"featured_media":1608,"comment_status":"open","ping_status":"closed","template":"","meta":{"_regular_price":["379.01"],"currency_symbol":[]},"product_cat":[80,82,81,79],"product_tag":[],"class_list":{"0":"post-1607","1":"product","2":"type-product","3":"status-publish","4":"has-post-thumbnail","6":"product_cat-bolsas-para-zacate","7":"product_cat-bolsas-para-zacate-bovino","8":"product_cat-bovino","9":"product_cat-ovino","11":"first","12":"instock","13":"taxable","14":"shipping-taxable","15":"purchasable","16":"product-type-simple","17":"add-to-wishlist-after_add_to_cart"},"post_slider_layout_featured_media_urls":{"thumbnail":["https:\/\/shop.fran.pro\/wp-content\/uploads\/2024\/10\/24435_1024x-150x150.webp",150,150,true],"post_slider_layout_landscape_large":["https:\/\/shop.fran.pro\/wp-content\/uploads\/2024\/10\/24435_1024x-1000x800.webp",1000,800,true],"post_slider_layout_portrait_large":["https:\/\/shop.fran.pro\/wp-content\/uploads\/2024\/10\/24435_1024x.webp",1000,1000,false],"post_slider_layout_square_large":["https:\/\/shop.fran.pro\/wp-content\/uploads\/2024\/10\/24435_1024x.webp",1000,1000,false],"post_slider_layout_landscape":["https:\/\/shop.fran.pro\/wp-content\/uploads\/2024\/10\/24435_1024x-600x400.webp",600,400,true],"post_slider_layout_portrait":["https:\/\/shop.fran.pro\/wp-content\/uploads\/2024\/10\/24435_1024x-600x900.webp",600,900,true],"post_slider_layout_square":["https:\/\/shop.fran.pro\/wp-content\/uploads\/2024\/10\/24435_1024x-600x600.webp",600,600,true],"full":["https:\/\/shop.fran.pro\/wp-content\/uploads\/2024\/10\/24435_1024x.webp",1000,1000,false]},"_links":{"self":[{"href":"https:\/\/shop.fran.pro\/index.php\/wp-json\/wp\/v2\/product\/1607","targetHints":{"allow":["GET"]}}],"collection":[{"href":"https:\/\/shop.fran.pro\/index.php\/wp-json\/wp\/v2\/product"}],"about":[{"href":"https:\/\/shop.fran.pro\/index.php\/wp-json\/wp\/v2\/types\/product"}],"replies":[{"embeddable":true,"href":"https:\/\/shop.fran.pro\/index.php\/wp-json\/wp\/v2\/comments?post=1607"}],"wp:featuredmedia":[{"embeddable":true,"href":"https:\/\/shop.fran.pro\/index.php\/wp-json\/wp\/v2\/media\/1608"}],"wp:attachment":[{"href":"https:\/\/shop.fran.pro\/index.php\/wp-json\/wp\/v2\/media?parent=1607"}],"wp:term":[{"taxonomy":"product_cat","embeddable":true,"href":"https:\/\/shop.fran.pro\/index.php\/wp-json\/wp\/v2\/product_cat?post=1607"},{"taxonomy":"product_tag","embeddable":true,"href":"https:\/\/shop.fran.pro\/index.php\/wp-json\/wp\/v2\/product_tag?post=1607"}],"curies":[{"name":"wp","href":"https:\/\/api.w.org\/{rel}","templated":true}]}}