{"id":1610,"date":"2024-10-10T02:42:02","date_gmt":"2024-10-10T02:42:02","guid":{"rendered":"https:\/\/shop.fran.pro\/?post_type=product&#038;p=1610"},"modified":"2024-10-10T02:42:02","modified_gmt":"2024-10-10T02:42:02","slug":"tough-1-deluxe-slow-feed-hay-net-42-barcina-red-de-zacate-morado","status":"publish","type":"product","link":"https:\/\/shop.fran.pro\/index.php\/producto\/tough-1-deluxe-slow-feed-hay-net-42-barcina-red-de-zacate-morado\/","title":{"rendered":"TOUGH 1 DELUXE SLOW FEED HAY NET 42&#8221; (BARCINA\/ RED DE ZACATE) MORADO"},"content":{"rendered":"<p style=\"font-weight: 400;\"><b><strong>TOUGH 1 DELUXE SLOW FEED HAY NET 42&#8221; (BARCINA\/ RED DE ZACATE)<\/strong><\/b><\/p>\n<p style=\"font-weight: 400;\"><b><strong>DESCRIPCI\u00d3N:<\/strong><\/b><\/p>\n<p style=\"font-weight: 400;\">Mantenga a su caballo ocupado en el espect\u00e1culo o en el campamento con esta popular red de zacate grande. Hecho de cuerda de poli\u00e9ster s\u00faper resistente para mayor durabilidad y dise\u00f1ado con aberturas de 2&#8243; para frenar a los comensales veloces.<\/p>\n<p style=\"font-weight: 400;\"><b><strong>VENTAJAS:<\/strong><\/b><\/p>\n<ul style=\"font-weight: 400;\">\n<li>Cord\u00f3n de poli\u00e9ster resistente<\/li>\n<li>El tama\u00f1o grande cabe mucho zacate<\/li>\n<li>Cierre con cord\u00f3n<\/li>\n<li>Aberturas de alimentaci\u00f3n lenta anudadas de 2&#8243;<\/li>\n<li>Ideal para espect\u00e1culos o el tr\u00e1iler.<\/li>\n<\/ul>\n<p style=\"font-weight: 400;\"><b><strong>COLORES:<\/strong><\/b><\/p>\n<ul style=\"font-weight: 400;\">\n<li>Negra<\/li>\n<li>Azul<\/li>\n<li>Roja<\/li>\n<li>Verde<\/li>\n<li>Morada<\/li>\n<\/ul>\n<p style=\"font-weight: 400;\"><b><strong>TAMA\u00d1O:<\/strong><\/b><\/p>\n<p style=\"font-weight: 400;\">Medida: 42&#8243;, con aberturas de 2&#8243; x 2&#8243;<\/p>\n<p style=\"font-weight: 400;\"><b><strong>PRESENTACI\u00d3N:<\/strong><\/b><\/p>\n<p style=\"font-weight: 400;\">1 pieza<\/p>\n","protected":false},"excerpt":{"rendered":"<p>TOUGH 1 DELUXE SLOW FEED HAY NET 42&#8221; (BARCINA\/ RED DE ZACATE) DESCRIPCI\u00d3N: Mantenga a su caballo ocupado en el espect\u00e1culo o en el campamento con esta popular red de zacate grande. Hecho de cuerda de poli\u00e9ster s\u00faper resistente para mayor durabilidad y dise\u00f1ado con aberturas de 2&#8243; para frenar a los comensales veloces. VENTAJAS: [&hellip;]<\/p>\n","protected":false},"featured_media":1611,"comment_status":"open","ping_status":"closed","template":"","meta":{"_regular_price":[],"currency_symbol":[]},"product_cat":[80,82,81,79],"product_tag":[],"class_list":{"0":"post-1610","1":"product","2":"type-product","3":"status-publish","4":"has-post-thumbnail","6":"product_cat-bolsas-para-zacate","7":"product_cat-bolsas-para-zacate-bovino","8":"product_cat-bovino","9":"product_cat-ovino","11":"first","12":"instock","13":"taxable","14":"shipping-taxable","15":"product-type-simple","16":"add-to-wishlist-after_add_to_cart"},"post_slider_layout_featured_media_urls":{"thumbnail":["https:\/\/shop.fran.pro\/wp-content\/uploads\/2024\/10\/24920_1024x-150x150.webp",150,150,true],"post_slider_layout_landscape_large":["https:\/\/shop.fran.pro\/wp-content\/uploads\/2024\/10\/24920_1024x-1000x800.webp",1000,800,true],"post_slider_layout_portrait_large":["https:\/\/shop.fran.pro\/wp-content\/uploads\/2024\/10\/24920_1024x.webp",1000,1000,false],"post_slider_layout_square_large":["https:\/\/shop.fran.pro\/wp-content\/uploads\/2024\/10\/24920_1024x.webp",1000,1000,false],"post_slider_layout_landscape":["https:\/\/shop.fran.pro\/wp-content\/uploads\/2024\/10\/24920_1024x-600x400.webp",600,400,true],"post_slider_layout_portrait":["https:\/\/shop.fran.pro\/wp-content\/uploads\/2024\/10\/24920_1024x-600x900.webp",600,900,true],"post_slider_layout_square":["https:\/\/shop.fran.pro\/wp-content\/uploads\/2024\/10\/24920_1024x-600x600.webp",600,600,true],"full":["https:\/\/shop.fran.pro\/wp-content\/uploads\/2024\/10\/24920_1024x.webp",1000,1000,false]},"_links":{"self":[{"href":"https:\/\/shop.fran.pro\/index.php\/wp-json\/wp\/v2\/product\/1610","targetHints":{"allow":["GET"]}}],"collection":[{"href":"https:\/\/shop.fran.pro\/index.php\/wp-json\/wp\/v2\/product"}],"about":[{"href":"https:\/\/shop.fran.pro\/index.php\/wp-json\/wp\/v2\/types\/product"}],"replies":[{"embeddable":true,"href":"https:\/\/shop.fran.pro\/index.php\/wp-json\/wp\/v2\/comments?post=1610"}],"wp:featuredmedia":[{"embeddable":true,"href":"https:\/\/shop.fran.pro\/index.php\/wp-json\/wp\/v2\/media\/1611"}],"wp:attachment":[{"href":"https:\/\/shop.fran.pro\/index.php\/wp-json\/wp\/v2\/media?parent=1610"}],"wp:term":[{"taxonomy":"product_cat","embeddable":true,"href":"https:\/\/shop.fran.pro\/index.php\/wp-json\/wp\/v2\/product_cat?post=1610"},{"taxonomy":"product_tag","embeddable":true,"href":"https:\/\/shop.fran.pro\/index.php\/wp-json\/wp\/v2\/product_tag?post=1610"}],"curies":[{"name":"wp","href":"https:\/\/api.w.org\/{rel}","templated":true}]}}